{"id":25394,"date":"2024-12-18T22:35:28","date_gmt":"2024-12-18T22:35:28","guid":{"rendered":"https:\/\/ferreticamx.com\/index.php\/producto\/mezcladora-4-para-lavabo-nariz-curva-manerales-de-cruceta-2\/"},"modified":"2024-12-18T22:35:28","modified_gmt":"2024-12-18T22:35:28","slug":"mezcladora-4-para-lavabo-nariz-curva-manerales-de-cruceta-2","status":"publish","type":"product","link":"https:\/\/ferreticamx.com\/index.php\/producto\/mezcladora-4-para-lavabo-nariz-curva-manerales-de-cruceta-2\/","title":{"rendered":"MEZCLADORA 4 &#8221; PARA LAVABO NARIZ CURVA MANERALES DE CRUCETA"},"content":{"rendered":"<p>CARACTER\u00cdSTICAS<br \/>\nFunciona con baja presi\u00f3n<br \/>\nCuerpo y nariz de lat\u00f3n para m\u00e1xima duraci\u00f3n<br \/>\nManerales met\u00e1licos y charola de acero inoxidable<br \/>\nCartucho cer\u00e1mico de suave y f\u00e1cil apertura<br \/>\nMEZ-001<br \/>\nTriple-cromo, brillo y resistencia<br \/>\n49692-05-FC<br \/>\n1\/4 de Vuelta<br \/>\nNOR-26<br \/>\nGAR-4<br \/>\n49692-02<br \/>\nDistancia entre taladros<br \/>\n49692-01<br \/>\nVivienda ecol\u00f3gica<br \/>\n49692-03<br \/>\nAireador ahorro y suavidad<br \/>\n49692-04<br \/>\nNORMA<br \/>\nCumple la norma NMX-C-415-ONNCCE<br \/>\nESPECIFICACIONES<br \/>\nDistancia entre taladros\t4&#8243;<br \/>\nPresi\u00f3n m\u00ednima requerida\t0.25 kgf\/cm\u00b2<br \/>\nTipo de cierre (giro)\t1\/4 de vuelta (90\u00b0)<br \/>\nDimensiones de la charola\t5.3 cm x 15.0 cm<br \/>\nPeso\t760 g<br \/>\nInner\t4<br \/>\nEmpaque individual\tCaja<br \/>\nMaster\t24<br \/>\nPallet\t192<\/p>\n","protected":false},"excerpt":{"rendered":"<p>MEZCLADORA 4 &#8221; PARA LAVABO NARIZ CURVA MANERALES DE CRUCETA<\/p>\n","protected":false},"featured_media":25393,"comment_status":"open","ping_status":"closed","template":"","meta":{"_et_pb_use_builder":"","_et_pb_old_content":"","_et_gb_content_width":""},"product_brand":[],"product_cat":[784],"product_tag":[],"class_list":{"0":"post-25394","1":"product","2":"type-product","3":"status-publish","4":"has-post-thumbnail","6":"product_cat-fontaneria","8":"first","9":"instock","10":"taxable","11":"shipping-taxable","12":"purchasable","13":"product-type-simple"},"_links":{"self":[{"href":"https:\/\/ferreticamx.com\/index.php\/wp-json\/wp\/v2\/product\/25394","targetHints":{"allow":["GET"]}}],"collection":[{"href":"https:\/\/ferreticamx.com\/index.php\/wp-json\/wp\/v2\/product"}],"about":[{"href":"https:\/\/ferreticamx.com\/index.php\/wp-json\/wp\/v2\/types\/product"}],"replies":[{"embeddable":true,"href":"https:\/\/ferreticamx.com\/index.php\/wp-json\/wp\/v2\/comments?post=25394"}],"wp:featuredmedia":[{"embeddable":true,"href":"https:\/\/ferreticamx.com\/index.php\/wp-json\/wp\/v2\/media\/25393"}],"wp:attachment":[{"href":"https:\/\/ferreticamx.com\/index.php\/wp-json\/wp\/v2\/media?parent=25394"}],"wp:term":[{"taxonomy":"product_brand","embeddable":true,"href":"https:\/\/ferreticamx.com\/index.php\/wp-json\/wp\/v2\/product_brand?post=25394"},{"taxonomy":"product_cat","embeddable":true,"href":"https:\/\/ferreticamx.com\/index.php\/wp-json\/wp\/v2\/product_cat?post=25394"},{"taxonomy":"product_tag","embeddable":true,"href":"https:\/\/ferreticamx.com\/index.php\/wp-json\/wp\/v2\/product_tag?post=25394"}],"curies":[{"name":"wp","href":"https:\/\/api.w.org\/{rel}","templated":true}]}}