{"id":26568,"date":"2024-12-19T00:26:38","date_gmt":"2024-12-19T00:26:38","guid":{"rendered":"https:\/\/ferreticamx.com\/index.php\/producto\/adaptador-hembra-de-pvc-1-1-4-2\/"},"modified":"2024-12-19T00:26:38","modified_gmt":"2024-12-19T00:26:38","slug":"adaptador-hembra-de-pvc-1-1-4-2","status":"publish","type":"product","link":"https:\/\/ferreticamx.com\/index.php\/producto\/adaptador-hembra-de-pvc-1-1-4-2\/","title":{"rendered":"ADAPTADOR HEMBRA DE PVC, 1-1\/4&#8243;"},"content":{"rendered":"<p>CARACTER\u00cdSTICAS<br \/>\nConexi\u00f3n tipo: adaptador hembra.<br \/>\nFabricado en PVC hidr\u00e1ulico.<br \/>\nUni\u00f3n con cemento solvente para PVC.<br \/>\nGran resistencia a las fracturas por impacto.<br \/>\nResistente a la corrosi\u00f3n, oxidaci\u00f3n e incrustaciones y a la intemperie.<br \/>\nNo contamina los fluidos que transporta y no genera par galv\u00e1nico.<br \/>\nF\u00e1cil y r\u00e1pida instalaci\u00f3n.<br \/>\nBajo costo.<br \/>\nESPECIFICACIONES<br \/>\nMedida (di\u00e1metro)\t1 1\/4&#8243; (31,7 mm)<br \/>\nPresi\u00f3n M\u00e1xima 23\u00b0C\t2,551 kPa \/ 370 PSI<br \/>\nPresi\u00f3n M\u00e1xima 60\u00b0C\t561 kPa \/ 81 PSI<br \/>\nTipo de cuerda\t1 1\/4 &#8211; 11.5 NPT<br \/>\nC\u00e9dula\t40<\/p>\n","protected":false},"excerpt":{"rendered":"<p>ADAPTADOR HEMBRA DE PVC, 1-1\/4&#8243;<\/p>\n","protected":false},"featured_media":26567,"comment_status":"open","ping_status":"closed","template":"","meta":{"_et_pb_use_builder":"","_et_pb_old_content":"","_et_gb_content_width":""},"product_brand":[],"product_cat":[784],"product_tag":[],"class_list":{"0":"post-26568","1":"product","2":"type-product","3":"status-publish","4":"has-post-thumbnail","6":"product_cat-fontaneria","8":"first","9":"instock","10":"taxable","11":"shipping-taxable","12":"purchasable","13":"product-type-simple"},"_links":{"self":[{"href":"https:\/\/ferreticamx.com\/index.php\/wp-json\/wp\/v2\/product\/26568","targetHints":{"allow":["GET"]}}],"collection":[{"href":"https:\/\/ferreticamx.com\/index.php\/wp-json\/wp\/v2\/product"}],"about":[{"href":"https:\/\/ferreticamx.com\/index.php\/wp-json\/wp\/v2\/types\/product"}],"replies":[{"embeddable":true,"href":"https:\/\/ferreticamx.com\/index.php\/wp-json\/wp\/v2\/comments?post=26568"}],"wp:featuredmedia":[{"embeddable":true,"href":"https:\/\/ferreticamx.com\/index.php\/wp-json\/wp\/v2\/media\/26567"}],"wp:attachment":[{"href":"https:\/\/ferreticamx.com\/index.php\/wp-json\/wp\/v2\/media?parent=26568"}],"wp:term":[{"taxonomy":"product_brand","embeddable":true,"href":"https:\/\/ferreticamx.com\/index.php\/wp-json\/wp\/v2\/product_brand?post=26568"},{"taxonomy":"product_cat","embeddable":true,"href":"https:\/\/ferreticamx.com\/index.php\/wp-json\/wp\/v2\/product_cat?post=26568"},{"taxonomy":"product_tag","embeddable":true,"href":"https:\/\/ferreticamx.com\/index.php\/wp-json\/wp\/v2\/product_tag?post=26568"}],"curies":[{"name":"wp","href":"https:\/\/api.w.org\/{rel}","templated":true}]}}