{"id":26606,"date":"2024-12-19T00:30:07","date_gmt":"2024-12-19T00:30:07","guid":{"rendered":"https:\/\/ferreticamx.com\/index.php\/producto\/broca-escalonada-12-escalones-2\/"},"modified":"2024-12-19T00:30:07","modified_gmt":"2024-12-19T00:30:07","slug":"broca-escalonada-12-escalones-2","status":"publish","type":"product","link":"https:\/\/ferreticamx.com\/index.php\/producto\/broca-escalonada-12-escalones-2\/","title":{"rendered":"BROCA ESCALONADA, 12 ESCALONES"},"content":{"rendered":"<p>CARACTER\u00cdSTICAS<br \/>\nFabricada en acero M2 de alta velocidad (HSS) con acabado \u00f3xido negro<br \/>\nPunta Split Point autocentrable que evita el punzado previo a la perforaci\u00f3n y proporciona un barrenado m\u00e1s r\u00e1pido<br \/>\nRealiza perforaciones de diferentes di\u00e1metros<br \/>\nRango de perforaci\u00f3n de 3\/16&#8243; (5 mm) &#8211; 7\/8&#8243; (22 mm)<br \/>\n2 Filos de corte para mayor rapidez y suavidad de perforaci\u00f3n<br \/>\nZanco P3 antiderrapante que no se desliza en el broquero<br \/>\nDi\u00e1metro marcado con l\u00e1ser de larga duraci\u00f3n<br \/>\nESPECIFICACIONES<br \/>\nZanco\t3\/8&#8243; (9.5 mm)<br \/>\nEscalones\t12<br \/>\nTama\u00f1o de orificios\t3\/16&#8243; (5 mm), 1\/4&#8243; (6.5 mm), 5\/16&#8243; (8 mm), 3\/8&#8243; (9.5 mm), 7\/16&#8243; (11 mm), 1\/2&#8243; (13 mm), 9\/16&#8243; (14 mm), 5\/8&#8243; (16 mm), 11\/16&#8243; (17.5 mm), 3\/4&#8243; (19 mm), 13\/16&#8243; (20.5 mm), 7\/8&#8243; (22 mm)<br \/>\nLargo total\t80 mm (8 cm)<br \/>\n\u00c1ngulo de punta\t118\u00b0<br \/>\nTipo de empaque\tBl\u00edster<\/p>\n","protected":false},"excerpt":{"rendered":"<p>BROCA ESCALONADA, 12 ESCALONES<\/p>\n","protected":false},"featured_media":26605,"comment_status":"open","ping_status":"closed","template":"","meta":{"_et_pb_use_builder":"","_et_pb_old_content":"","_et_gb_content_width":""},"product_brand":[],"product_cat":[586],"product_tag":[],"class_list":{"0":"post-26606","1":"product","2":"type-product","3":"status-publish","4":"has-post-thumbnail","6":"product_cat-brocas","8":"first","9":"instock","10":"taxable","11":"shipping-taxable","12":"purchasable","13":"product-type-simple"},"_links":{"self":[{"href":"https:\/\/ferreticamx.com\/index.php\/wp-json\/wp\/v2\/product\/26606","targetHints":{"allow":["GET"]}}],"collection":[{"href":"https:\/\/ferreticamx.com\/index.php\/wp-json\/wp\/v2\/product"}],"about":[{"href":"https:\/\/ferreticamx.com\/index.php\/wp-json\/wp\/v2\/types\/product"}],"replies":[{"embeddable":true,"href":"https:\/\/ferreticamx.com\/index.php\/wp-json\/wp\/v2\/comments?post=26606"}],"wp:featuredmedia":[{"embeddable":true,"href":"https:\/\/ferreticamx.com\/index.php\/wp-json\/wp\/v2\/media\/26605"}],"wp:attachment":[{"href":"https:\/\/ferreticamx.com\/index.php\/wp-json\/wp\/v2\/media?parent=26606"}],"wp:term":[{"taxonomy":"product_brand","embeddable":true,"href":"https:\/\/ferreticamx.com\/index.php\/wp-json\/wp\/v2\/product_brand?post=26606"},{"taxonomy":"product_cat","embeddable":true,"href":"https:\/\/ferreticamx.com\/index.php\/wp-json\/wp\/v2\/product_cat?post=26606"},{"taxonomy":"product_tag","embeddable":true,"href":"https:\/\/ferreticamx.com\/index.php\/wp-json\/wp\/v2\/product_tag?post=26606"}],"curies":[{"name":"wp","href":"https:\/\/api.w.org\/{rel}","templated":true}]}}