{"id":26804,"date":"2024-12-19T00:48:57","date_gmt":"2024-12-19T00:48:57","guid":{"rendered":"https:\/\/ferreticamx.com\/index.php\/producto\/multiconector-valvula-esfera-y-tuerca-union-para-tinaco-2\/"},"modified":"2024-12-19T00:48:57","modified_gmt":"2024-12-19T00:48:57","slug":"multiconector-valvula-esfera-y-tuerca-union-para-tinaco-2","status":"publish","type":"product","link":"https:\/\/ferreticamx.com\/index.php\/producto\/multiconector-valvula-esfera-y-tuerca-union-para-tinaco-2\/","title":{"rendered":"Multiconector v\u00e1lvula esfera y tuerca uni\u00f3n para tinaco"},"content":{"rendered":"<p>Multiconector v\u00e1lvula esfera y tuerca uni\u00f3n para tinaco<\/p>\n","protected":false},"excerpt":{"rendered":"<p>Multiconector v\u00e1lvula esfera y tuerca uni\u00f3n para tinaco<\/p>\n","protected":false},"featured_media":26803,"comment_status":"open","ping_status":"closed","template":"","meta":{"_et_pb_use_builder":"","_et_pb_old_content":"","_et_gb_content_width":""},"product_brand":[],"product_cat":[677,766,795,111],"product_tag":[],"class_list":{"0":"post-26804","1":"product","2":"type-product","3":"status-publish","4":"has-post-thumbnail","6":"product_cat-repuestos-herramientas","7":"product_cat-repuestos-pintura","8":"product_cat-repuestos-plomeria","9":"product_cat-repuestos","11":"first","12":"instock","13":"taxable","14":"shipping-taxable","15":"purchasable","16":"product-type-simple"},"_links":{"self":[{"href":"https:\/\/ferreticamx.com\/index.php\/wp-json\/wp\/v2\/product\/26804","targetHints":{"allow":["GET"]}}],"collection":[{"href":"https:\/\/ferreticamx.com\/index.php\/wp-json\/wp\/v2\/product"}],"about":[{"href":"https:\/\/ferreticamx.com\/index.php\/wp-json\/wp\/v2\/types\/product"}],"replies":[{"embeddable":true,"href":"https:\/\/ferreticamx.com\/index.php\/wp-json\/wp\/v2\/comments?post=26804"}],"wp:featuredmedia":[{"embeddable":true,"href":"https:\/\/ferreticamx.com\/index.php\/wp-json\/wp\/v2\/media\/26803"}],"wp:attachment":[{"href":"https:\/\/ferreticamx.com\/index.php\/wp-json\/wp\/v2\/media?parent=26804"}],"wp:term":[{"taxonomy":"product_brand","embeddable":true,"href":"https:\/\/ferreticamx.com\/index.php\/wp-json\/wp\/v2\/product_brand?post=26804"},{"taxonomy":"product_cat","embeddable":true,"href":"https:\/\/ferreticamx.com\/index.php\/wp-json\/wp\/v2\/product_cat?post=26804"},{"taxonomy":"product_tag","embeddable":true,"href":"https:\/\/ferreticamx.com\/index.php\/wp-json\/wp\/v2\/product_tag?post=26804"}],"curies":[{"name":"wp","href":"https:\/\/api.w.org\/{rel}","templated":true}]}}