{"id":26808,"date":"2024-12-19T00:49:21","date_gmt":"2024-12-19T00:49:21","guid":{"rendered":"https:\/\/ferreticamx.com\/index.php\/producto\/pintura-esmalte-acrilico-en-aerosol-rojo-seguridad-2\/"},"modified":"2024-12-19T00:49:21","modified_gmt":"2024-12-19T00:49:21","slug":"pintura-esmalte-acrilico-en-aerosol-rojo-seguridad-2","status":"publish","type":"product","link":"https:\/\/ferreticamx.com\/index.php\/producto\/pintura-esmalte-acrilico-en-aerosol-rojo-seguridad-2\/","title":{"rendered":"PINTURA (ESMALTE ACR\u00cdLICO) EN AEROSOL, ROJO SEGURIDAD"},"content":{"rendered":"<p>70% Pintura y 30% propelente<br \/>\nF\u00e1cil aplicaci\u00f3n y secado r\u00e1pido<br \/>\nLibre de plomo<br \/>\nNo da\u00f1a la capa de ozono<br \/>\nAnti-corrosi\u00f3n<br \/>\nAcabado brillante<br \/>\n0001<br \/>\n12732-01<br \/>\nNo da\u00f1a la capa de ozono<br \/>\nESPECIFICACIONES<br \/>\nColor\tRojo seguridad<br \/>\nPorcentaje m\u00ednimo de s\u00f3lidos\t22%<br \/>\nPorcentaje m\u00e1ximo de s\u00f3lidos\t25%<br \/>\nContenido Neto\t400 ml (13.5 fl. Oz)<br \/>\nPeso Total\t415 g<\/p>\n","protected":false},"excerpt":{"rendered":"<p>PINTURA (ESMALTE ACR\u00cdLICO) EN AEROSOL, ROJO SEGURIDAD<\/p>\n","protected":false},"featured_media":26807,"comment_status":"open","ping_status":"closed","template":"","meta":{"_et_pb_use_builder":"","_et_pb_old_content":"","_et_gb_content_width":""},"product_brand":[],"product_cat":[758],"product_tag":[],"class_list":{"0":"post-26808","1":"product","2":"type-product","3":"status-publish","4":"has-post-thumbnail","6":"product_cat-aerosoles","8":"first","9":"instock","10":"taxable","11":"shipping-taxable","12":"purchasable","13":"product-type-simple"},"_links":{"self":[{"href":"https:\/\/ferreticamx.com\/index.php\/wp-json\/wp\/v2\/product\/26808","targetHints":{"allow":["GET"]}}],"collection":[{"href":"https:\/\/ferreticamx.com\/index.php\/wp-json\/wp\/v2\/product"}],"about":[{"href":"https:\/\/ferreticamx.com\/index.php\/wp-json\/wp\/v2\/types\/product"}],"replies":[{"embeddable":true,"href":"https:\/\/ferreticamx.com\/index.php\/wp-json\/wp\/v2\/comments?post=26808"}],"wp:featuredmedia":[{"embeddable":true,"href":"https:\/\/ferreticamx.com\/index.php\/wp-json\/wp\/v2\/media\/26807"}],"wp:attachment":[{"href":"https:\/\/ferreticamx.com\/index.php\/wp-json\/wp\/v2\/media?parent=26808"}],"wp:term":[{"taxonomy":"product_brand","embeddable":true,"href":"https:\/\/ferreticamx.com\/index.php\/wp-json\/wp\/v2\/product_brand?post=26808"},{"taxonomy":"product_cat","embeddable":true,"href":"https:\/\/ferreticamx.com\/index.php\/wp-json\/wp\/v2\/product_cat?post=26808"},{"taxonomy":"product_tag","embeddable":true,"href":"https:\/\/ferreticamx.com\/index.php\/wp-json\/wp\/v2\/product_tag?post=26808"}],"curies":[{"name":"wp","href":"https:\/\/api.w.org\/{rel}","templated":true}]}}