{"id":26870,"date":"2024-12-19T00:55:06","date_gmt":"2024-12-19T00:55:06","guid":{"rendered":"https:\/\/ferreticamx.com\/index.php\/producto\/discos-de-lija-roto-orbital-5-grano-40-8-orificios-5pzas-truper-2\/"},"modified":"2024-12-19T00:55:06","modified_gmt":"2024-12-19T00:55:06","slug":"discos-de-lija-roto-orbital-5-grano-40-8-orificios-5pzas-truper-2","status":"publish","type":"product","link":"https:\/\/ferreticamx.com\/index.php\/producto\/discos-de-lija-roto-orbital-5-grano-40-8-orificios-5pzas-truper-2\/","title":{"rendered":"DISCOS DE LIJA ROTO ORBITAL 5&#8243;, GRANO 40, 8 ORIFICIOS, 5PZAS TRUPER"},"content":{"rendered":"<p>CARACTER\u00cdSTICAS<br \/>\nGrano de \u00f3xido de aluminio para una remoci\u00f3n r\u00e1pida y un acabado fino<br \/>\n8 Perforaciones para una extracci\u00f3n de polvo eficiente<br \/>\nRespaldo con sistema hook and loop para cambio f\u00e1cil y r\u00e1pido de disco<br \/>\nRemoci\u00f3n pesada y modelado<br \/>\n17765-01<br \/>\nPara lijadora roto-orbital<br \/>\nESPECIFICACIONES<br \/>\nGrano\t40 (grueso)<br \/>\nDi\u00e1metro\t5&#8243; (127 mm)<br \/>\nN\u00famero de perforaciones (agujeros)\t8<br \/>\nTipo de Empaque\tFunda<br \/>\nINCLUYE<br \/>\n5 discos de lija<\/p>\n","protected":false},"excerpt":{"rendered":"<p>DISCOS DE LIJA ROTO ORBITAL 5&#8243;, GRANO 40, 8 ORIFICIOS, 5PZAS TRUPER<\/p>\n","protected":false},"featured_media":26868,"comment_status":"open","ping_status":"closed","template":"","meta":{"_et_pb_use_builder":"","_et_pb_old_content":"","_et_gb_content_width":""},"product_brand":[],"product_cat":[614],"product_tag":[],"class_list":{"0":"post-26870","1":"product","2":"type-product","3":"status-publish","4":"has-post-thumbnail","6":"product_cat-disco","8":"first","9":"instock","10":"taxable","11":"shipping-taxable","12":"purchasable","13":"product-type-simple"},"_links":{"self":[{"href":"https:\/\/ferreticamx.com\/index.php\/wp-json\/wp\/v2\/product\/26870","targetHints":{"allow":["GET"]}}],"collection":[{"href":"https:\/\/ferreticamx.com\/index.php\/wp-json\/wp\/v2\/product"}],"about":[{"href":"https:\/\/ferreticamx.com\/index.php\/wp-json\/wp\/v2\/types\/product"}],"replies":[{"embeddable":true,"href":"https:\/\/ferreticamx.com\/index.php\/wp-json\/wp\/v2\/comments?post=26870"}],"wp:featuredmedia":[{"embeddable":true,"href":"https:\/\/ferreticamx.com\/index.php\/wp-json\/wp\/v2\/media\/26868"}],"wp:attachment":[{"href":"https:\/\/ferreticamx.com\/index.php\/wp-json\/wp\/v2\/media?parent=26870"}],"wp:term":[{"taxonomy":"product_brand","embeddable":true,"href":"https:\/\/ferreticamx.com\/index.php\/wp-json\/wp\/v2\/product_brand?post=26870"},{"taxonomy":"product_cat","embeddable":true,"href":"https:\/\/ferreticamx.com\/index.php\/wp-json\/wp\/v2\/product_cat?post=26870"},{"taxonomy":"product_tag","embeddable":true,"href":"https:\/\/ferreticamx.com\/index.php\/wp-json\/wp\/v2\/product_tag?post=26870"}],"curies":[{"name":"wp","href":"https:\/\/api.w.org\/{rel}","templated":true}]}}