{"id":26882,"date":"2024-12-19T00:56:09","date_gmt":"2024-12-19T00:56:09","guid":{"rendered":"https:\/\/ferreticamx.com\/index.php\/producto\/recogedor-plastico-con-baston-metalico-kintek-2\/"},"modified":"2024-12-19T00:56:09","modified_gmt":"2024-12-19T00:56:09","slug":"recogedor-plastico-con-baston-metalico-kintek-2","status":"publish","type":"product","link":"https:\/\/ferreticamx.com\/index.php\/producto\/recogedor-plastico-con-baston-metalico-kintek-2\/","title":{"rendered":"RECOGEDOR PL\u00c1STICO CON BAST\u00d3N MET\u00c1LICO KINTEK"},"content":{"rendered":"<p>CARACTER\u00cdSTICAS<br \/>\nCuerpo fabricado en polipropileno.<br \/>\nCon ranuras que limpian las cerdas dela escoba.<br \/>\nGoma que ayuda a recoger todo el polvo sin dejar residuos.<br \/>\nBast\u00f3n met\u00e1lico incluido.<br \/>\n0001<br \/>\n57024-01<br \/>\nCon ranuras que limpian las cerdas de la escoba<br \/>\n57024-02<br \/>\nESPECIFICACIONES<br \/>\nLargo\t23 cm<br \/>\nAlto\t9 cm<br \/>\nAncho\t27 cm<br \/>\nPeso\t290 g<br \/>\nBast\u00f3n met\u00e1lico\t82 cm<br \/>\nTipo de empaque\tEtiqueta<\/p>\n","protected":false},"excerpt":{"rendered":"<p>RECOGEDOR PL\u00c1STICO CON BAST\u00d3N MET\u00c1LICO KINTEK<\/p>\n","protected":false},"featured_media":26881,"comment_status":"open","ping_status":"closed","template":"","meta":{"_et_pb_use_builder":"","_et_pb_old_content":"","_et_gb_content_width":""},"product_brand":[],"product_cat":[724],"product_tag":[],"class_list":{"0":"post-26882","1":"product","2":"type-product","3":"status-publish","4":"has-post-thumbnail","6":"product_cat-utensilios","8":"first","9":"instock","10":"taxable","11":"shipping-taxable","12":"purchasable","13":"product-type-simple"},"_links":{"self":[{"href":"https:\/\/ferreticamx.com\/index.php\/wp-json\/wp\/v2\/product\/26882","targetHints":{"allow":["GET"]}}],"collection":[{"href":"https:\/\/ferreticamx.com\/index.php\/wp-json\/wp\/v2\/product"}],"about":[{"href":"https:\/\/ferreticamx.com\/index.php\/wp-json\/wp\/v2\/types\/product"}],"replies":[{"embeddable":true,"href":"https:\/\/ferreticamx.com\/index.php\/wp-json\/wp\/v2\/comments?post=26882"}],"wp:featuredmedia":[{"embeddable":true,"href":"https:\/\/ferreticamx.com\/index.php\/wp-json\/wp\/v2\/media\/26881"}],"wp:attachment":[{"href":"https:\/\/ferreticamx.com\/index.php\/wp-json\/wp\/v2\/media?parent=26882"}],"wp:term":[{"taxonomy":"product_brand","embeddable":true,"href":"https:\/\/ferreticamx.com\/index.php\/wp-json\/wp\/v2\/product_brand?post=26882"},{"taxonomy":"product_cat","embeddable":true,"href":"https:\/\/ferreticamx.com\/index.php\/wp-json\/wp\/v2\/product_cat?post=26882"},{"taxonomy":"product_tag","embeddable":true,"href":"https:\/\/ferreticamx.com\/index.php\/wp-json\/wp\/v2\/product_tag?post=26882"}],"curies":[{"name":"wp","href":"https:\/\/api.w.org\/{rel}","templated":true}]}}