{"id":26908,"date":"2024-12-19T00:58:53","date_gmt":"2024-12-19T00:58:53","guid":{"rendered":"https:\/\/ferreticamx.com\/index.php\/producto\/boton-de-plastico-para-wc-foset-2\/"},"modified":"2024-12-19T00:58:53","modified_gmt":"2024-12-19T00:58:53","slug":"boton-de-plastico-para-wc-foset-2","status":"publish","type":"product","link":"https:\/\/ferreticamx.com\/index.php\/producto\/boton-de-plastico-para-wc-foset-2\/","title":{"rendered":"BOT\u00d3N DE PL\u00c1STICO PARA WC FOSET"},"content":{"rendered":"<p>CARACTER\u00cdSTICAS<br \/>\nBot\u00f3n de ABS cromado<br \/>\nVarilla de lat\u00f3n<br \/>\nInstalaci\u00f3n lateral<br \/>\nCompatible con la mayor\u00eda de W.C.<br \/>\nBOTON LATERAL <\/p>\n","protected":false},"excerpt":{"rendered":"<p>BOT\u00d3N DE PL\u00c1STICO PARA WC FOSET<\/p>\n","protected":false},"featured_media":26907,"comment_status":"open","ping_status":"closed","template":"","meta":{"_et_pb_use_builder":"","_et_pb_old_content":"","_et_gb_content_width":""},"product_brand":[],"product_cat":[797],"product_tag":[],"class_list":{"0":"post-26908","1":"product","2":"type-product","3":"status-publish","4":"has-post-thumbnail","6":"product_cat-wc","8":"first","9":"instock","10":"taxable","11":"shipping-taxable","12":"purchasable","13":"product-type-simple"},"_links":{"self":[{"href":"https:\/\/ferreticamx.com\/index.php\/wp-json\/wp\/v2\/product\/26908","targetHints":{"allow":["GET"]}}],"collection":[{"href":"https:\/\/ferreticamx.com\/index.php\/wp-json\/wp\/v2\/product"}],"about":[{"href":"https:\/\/ferreticamx.com\/index.php\/wp-json\/wp\/v2\/types\/product"}],"replies":[{"embeddable":true,"href":"https:\/\/ferreticamx.com\/index.php\/wp-json\/wp\/v2\/comments?post=26908"}],"wp:featuredmedia":[{"embeddable":true,"href":"https:\/\/ferreticamx.com\/index.php\/wp-json\/wp\/v2\/media\/26907"}],"wp:attachment":[{"href":"https:\/\/ferreticamx.com\/index.php\/wp-json\/wp\/v2\/media?parent=26908"}],"wp:term":[{"taxonomy":"product_brand","embeddable":true,"href":"https:\/\/ferreticamx.com\/index.php\/wp-json\/wp\/v2\/product_brand?post=26908"},{"taxonomy":"product_cat","embeddable":true,"href":"https:\/\/ferreticamx.com\/index.php\/wp-json\/wp\/v2\/product_cat?post=26908"},{"taxonomy":"product_tag","embeddable":true,"href":"https:\/\/ferreticamx.com\/index.php\/wp-json\/wp\/v2\/product_tag?post=26908"}],"curies":[{"name":"wp","href":"https:\/\/api.w.org\/{rel}","templated":true}]}}