{"id":27152,"date":"2024-12-19T01:19:59","date_gmt":"2024-12-19T01:19:59","guid":{"rendered":"https:\/\/ferreticamx.com\/index.php\/producto\/vehiculo-termonebulizar-sanitizante-desinfectante-5-lts-2\/"},"modified":"2024-12-19T01:19:59","modified_gmt":"2024-12-19T01:19:59","slug":"vehiculo-termonebulizar-sanitizante-desinfectante-5-lts-2","status":"publish","type":"product","link":"https:\/\/ferreticamx.com\/index.php\/producto\/vehiculo-termonebulizar-sanitizante-desinfectante-5-lts-2\/","title":{"rendered":"Veh\u00edculo Termonebulizar Sanitizante Desinfectante 5 Lts"},"content":{"rendered":"<p>Descripci\u00f3n<br \/>\nLo agregas a tu desinfectante para Termonebulizar.<\/p>\n<p>NO es desinfectante, es solo el veh\u00edculo para generar humo<\/p>\n<p>El veh\u00edculo para termonebulizar, est\u00e1 elaborado a base de glicoles y alcoholes grasos los<br \/>\ncuales nos permite obtener una nube densa en las diferentes \u00e1reas donde se aplica el termogreen veh\u00edculo.<br \/>\nLas micro-gotas formadas tienen la particularidad de poder flotar y trasladarse largas<br \/>\ndistancias sin perder su efectividad, incluso de penetrar entre una densa vegetaci\u00f3n o alcanzar el rinc\u00f3n m\u00e1s inaccesible dentro de un deposito o almac\u00e9n.<br \/>\nTermogreen veh\u00edculo es una herramienta excelente para prevenci\u00f3n, control y<br \/>\ntratamiento de enfermedades virales, bacterianas, f\u00fangicas por medido de desinfectantes<br \/>\nbiodegradables, inocuos, de f\u00e1cil aplicaci\u00f3n, sin afectar al operador ni a los animales.<br \/>\nTambi\u00e9n se emplea para prevenci\u00f3n del control de plagas.<br \/>\nTermogreen veh\u00edculo para termonebulizar, es compatible con los diferentes<br \/>\ndesinfectantes que existen en el mercado as\u00ed como plaguicidas e insecticidas.<\/p>\n<p>Composici\u00f3n:<br \/>\nGlicoles, alcoholes grasos e inertes.<\/p>\n<p>Modo de acci\u00f3n:<br \/>\nDebido a su formulaci\u00f3n que contiene m\u00e1s la adici\u00f3n del principio activo m\u00e1s el veh\u00edculo,<br \/>\nes expuesta a la corriente de aire caliente que proviene de los gases de un motor<br \/>\npulsorreactor. Debido a la temperatura de estos gases provoca una inmediata<br \/>\natomizaci\u00f3n y evaporaci\u00f3n parcial del fluido que al chocar con el aire del ambiente que se<br \/>\nencuentra a menor temperatura se condensa y forma una densa niebla compuesta por millones de micro-gotas.<\/p>\n<p>Propiedades Fisicoqu\u00edmicas:<br \/>\nApariencia: L\u00edquido viscoso<br \/>\nOlor: Caracter\u00edstico<br \/>\nColor: Incoloro<br \/>\npH directo: 4.0 \u2013 5.5<br \/>\nGravedad especifica: 1.075 \u2013 1.085 g\/cm3<br \/>\nPunto de ebullici\u00f3n: 95 -105 \u00b0C<br \/>\nSolubilidad: Soluble<\/p>\n<p>Usos y aplicaciones:<br \/>\n\u00c1reas de aplicaci\u00f3n en el sector urbano, pecuario, agroindustrial, agr\u00edcola.<br \/>\nEs compatible con los diferentes desinfectantes e insecticidas que existen en el<br \/>\nmercado dependiendo del \u00e1rea a trabajar va a ser su aplicaci\u00f3n.<br \/>\n* Desinfecci\u00f3n o en su defecto en el control de plagas en invernaderos.<br \/>\n* Desinfecci\u00f3n de hospitales.<br \/>\n* Desinfecci\u00f3n de industrias alimenticias.<br \/>\n* En la aplicaci\u00f3n de insecticidas agr\u00edcolas.<br \/>\n* En la aplicaci\u00f3n de jardines.<br \/>\n* Desinfecci\u00f3n de maquinarias, instalaciones pecuarias, av\u00edcolas, porc\u00edcola<br \/>\n(desinfecci\u00f3n de interior y exterior de granjas, casetas, corrales, criaderos,<br \/>\nestablos, salas de orde\u00f1a, incubadoras, pisos, paredes, bebederos, etc.).<br \/>\n* Tolvas, pipas, veh\u00edculos de transportaci\u00f3n, \u00e1reas de producci\u00f3n y procesos.<br \/>\n* Silos, tanques, tinacos, bandas transportadoras, bodegas, establecimientos TIF.<br \/>\n* Desinfecci\u00f3n de instalaciones pecuarias, zool\u00f3gicos y reservas ecol\u00f3gicas, en<br \/>\npresencia de animales vivos.<\/p>\n<p>Rendimiento:<br \/>\n1 L de Termogreen veh\u00edculo para termonebulizar cubre aproximadamente de 1,500 a<br \/>\n2,500 m3 dependiendo del \u00e1rea.<\/p>\n<p>Formas de aplicaci\u00f3n:<br \/>\nPor termonebulizaci\u00f3n.<\/p>\n<p>Ventajas del veh\u00edculo para termonebulizar:<br \/>\n* Tienen efecto de superficie.<br \/>\n* En pocos minutos se pueden tratar grandes superficies y vol\u00famenes con muy bajo<br \/>\nesfuerzo humano.<br \/>\n* La niebla alcanza lugares de dif\u00edcil acceso y permanece flotando por varios<br \/>\nminutos o incluso por horas en ambientes cerrados (invernaderos, c\u00e1maras<br \/>\nfrigor\u00edficas, silos, casetas, corrales, etc.).<br \/>\n* Aplicaci\u00f3n inmediata.<br \/>\n* Poder residual.<br \/>\n* Producto de aplicaci\u00f3n directa.<br \/>\n* Compatibilidad con los diferentes desinfectantes, plaguicidas y repelentes.<br \/>\n* El peque\u00f1\u00edsimo tama\u00f1o de las gotas permiten utilizar reducidas cantidades de<br \/>\ninsecticida al tratar grandes espacios, aumentando significativamente el<br \/>\nrendimiento de los productos y minimizando el impacto ambiental.<\/p>\n<p>Informaci\u00f3n ecol\u00f3gica:<br \/>\nProducto biodegradable y no t\u00f3xico.<\/p>\n","protected":false},"excerpt":{"rendered":"<p>Veh\u00edculo Termonebulizar Sanitizante Desinfectante 5 Lts<\/p>\n","protected":false},"featured_media":27151,"comment_status":"open","ping_status":"closed","template":"","meta":{"_et_pb_use_builder":"","_et_pb_old_content":"","_et_gb_content_width":""},"product_brand":[],"product_cat":[811],"product_tag":[],"class_list":{"0":"post-27152","1":"product","2":"type-product","3":"status-publish","4":"has-post-thumbnail","6":"product_cat-sanitizante","8":"first","9":"instock","10":"taxable","11":"shipping-taxable","12":"purchasable","13":"product-type-simple"},"_links":{"self":[{"href":"https:\/\/ferreticamx.com\/index.php\/wp-json\/wp\/v2\/product\/27152","targetHints":{"allow":["GET"]}}],"collection":[{"href":"https:\/\/ferreticamx.com\/index.php\/wp-json\/wp\/v2\/product"}],"about":[{"href":"https:\/\/ferreticamx.com\/index.php\/wp-json\/wp\/v2\/types\/product"}],"replies":[{"embeddable":true,"href":"https:\/\/ferreticamx.com\/index.php\/wp-json\/wp\/v2\/comments?post=27152"}],"wp:featuredmedia":[{"embeddable":true,"href":"https:\/\/ferreticamx.com\/index.php\/wp-json\/wp\/v2\/media\/27151"}],"wp:attachment":[{"href":"https:\/\/ferreticamx.com\/index.php\/wp-json\/wp\/v2\/media?parent=27152"}],"wp:term":[{"taxonomy":"product_brand","embeddable":true,"href":"https:\/\/ferreticamx.com\/index.php\/wp-json\/wp\/v2\/product_brand?post=27152"},{"taxonomy":"product_cat","embeddable":true,"href":"https:\/\/ferreticamx.com\/index.php\/wp-json\/wp\/v2\/product_cat?post=27152"},{"taxonomy":"product_tag","embeddable":true,"href":"https:\/\/ferreticamx.com\/index.php\/wp-json\/wp\/v2\/product_tag?post=27152"}],"curies":[{"name":"wp","href":"https:\/\/api.w.org\/{rel}","templated":true}]}}