{"id":27459,"date":"2024-12-19T01:51:55","date_gmt":"2024-12-19T01:51:55","guid":{"rendered":"https:\/\/ferreticamx.com\/index.php\/producto\/pala-escarraman-t-2000-puno-y-2\/"},"modified":"2024-12-19T01:51:55","modified_gmt":"2024-12-19T01:51:55","slug":"pala-escarraman-t-2000-puno-y-2","status":"publish","type":"product","link":"https:\/\/ferreticamx.com\/index.php\/producto\/pala-escarraman-t-2000-puno-y-2\/","title":{"rendered":"PALA ESCARRAM\u00c1N, T-2000 PU\u00d1O &#8220;Y&#8221;"},"content":{"rendered":"<p>PALA ESCARRAM\u00c1N, T-2000 PU\u00d1O &#8220;Y&#8221;<\/p>\n","protected":false},"excerpt":{"rendered":"<p>PALA ESCARRAM\u00c1N, T-2000 PU\u00d1O &#8220;Y&#8221;<\/p>\n","protected":false},"featured_media":27458,"comment_status":"open","ping_status":"closed","template":"","meta":{"_et_pb_use_builder":"","_et_pb_old_content":"","_et_gb_content_width":""},"product_brand":[],"product_cat":[662],"product_tag":[],"class_list":{"0":"post-27459","1":"product","2":"type-product","3":"status-publish","4":"has-post-thumbnail","6":"product_cat-pala","8":"first","9":"instock","10":"taxable","11":"shipping-taxable","12":"purchasable","13":"product-type-simple"},"_links":{"self":[{"href":"https:\/\/ferreticamx.com\/index.php\/wp-json\/wp\/v2\/product\/27459","targetHints":{"allow":["GET"]}}],"collection":[{"href":"https:\/\/ferreticamx.com\/index.php\/wp-json\/wp\/v2\/product"}],"about":[{"href":"https:\/\/ferreticamx.com\/index.php\/wp-json\/wp\/v2\/types\/product"}],"replies":[{"embeddable":true,"href":"https:\/\/ferreticamx.com\/index.php\/wp-json\/wp\/v2\/comments?post=27459"}],"wp:featuredmedia":[{"embeddable":true,"href":"https:\/\/ferreticamx.com\/index.php\/wp-json\/wp\/v2\/media\/27458"}],"wp:attachment":[{"href":"https:\/\/ferreticamx.com\/index.php\/wp-json\/wp\/v2\/media?parent=27459"}],"wp:term":[{"taxonomy":"product_brand","embeddable":true,"href":"https:\/\/ferreticamx.com\/index.php\/wp-json\/wp\/v2\/product_brand?post=27459"},{"taxonomy":"product_cat","embeddable":true,"href":"https:\/\/ferreticamx.com\/index.php\/wp-json\/wp\/v2\/product_cat?post=27459"},{"taxonomy":"product_tag","embeddable":true,"href":"https:\/\/ferreticamx.com\/index.php\/wp-json\/wp\/v2\/product_tag?post=27459"}],"curies":[{"name":"wp","href":"https:\/\/api.w.org\/{rel}","templated":true}]}}