{"id":27479,"date":"2024-12-19T01:53:41","date_gmt":"2024-12-19T01:53:41","guid":{"rendered":"https:\/\/ferreticamx.com\/index.php\/producto\/flexometro-azul-8m-cinta-25-mm-pretul-tarjeta-plastica-2\/"},"modified":"2024-12-19T01:53:41","modified_gmt":"2024-12-19T01:53:41","slug":"flexometro-azul-8m-cinta-25-mm-pretul-tarjeta-plastica-2","status":"publish","type":"product","link":"https:\/\/ferreticamx.com\/index.php\/producto\/flexometro-azul-8m-cinta-25-mm-pretul-tarjeta-plastica-2\/","title":{"rendered":"FLEX\u00d3METRO AZUL 8M CINTA 25 MM, PRETUL TARJETA PL\u00c1STICA"},"content":{"rendered":"<p>CARACTER\u00cdSTICAS<br \/>\nCinta con cubierta de laca que evita rayaduras y desgaste de la impresi\u00f3n<br \/>\nCuerpo fabricado en ABS de alto impacto<br \/>\nClip met\u00e1lico para fijarlo al cintur\u00f3n<br \/>\nCorrea para colgar<br \/>\nMecanismo de bloqueo para un mayor control y mayor duraci\u00f3n de la cinta<br \/>\nIdeal para usarse en construcci\u00f3n, herrer\u00eda, carpinter\u00eda, alba\u00f1iler\u00eda y m\u00e1s<br \/>\nNOR-2<br \/>\nNOR-32<br \/>\nNORMA<br \/>\nCumple la norma NOM-046-SCFI<br \/>\nESPECIFICACIONES<br \/>\nColor de carcasa\tAzul<br \/>\nLongitud\t8 m (26 ft)<br \/>\nAncho de la cinta\t25 mm (1&#8243;)<br \/>\nExtensi\u00f3n m\u00e1xima\t2.1 m<br \/>\nEscala\tcm-mm \/ ft-in<br \/>\nColor de la cinta\tBlanco<br \/>\nEspesor\t0.10 mm<br \/>\nEmpaque individual\tTarjeta<br \/>\nInner\t6<br \/>\nMaster\t48<\/p>\n","protected":false},"excerpt":{"rendered":"<p>FLEX\u00d3METRO AZUL 8M CINTA 25 MM, PRETUL TARJETA PL\u00c1STICA<\/p>\n","protected":false},"featured_media":27478,"comment_status":"open","ping_status":"closed","template":"","meta":{"_et_pb_use_builder":"","_et_pb_old_content":"","_et_gb_content_width":""},"product_brand":[],"product_cat":[625],"product_tag":[],"class_list":{"0":"post-27479","1":"product","2":"type-product","3":"status-publish","4":"has-post-thumbnail","6":"product_cat-flexometro","8":"first","9":"instock","10":"taxable","11":"shipping-taxable","12":"purchasable","13":"product-type-simple"},"_links":{"self":[{"href":"https:\/\/ferreticamx.com\/index.php\/wp-json\/wp\/v2\/product\/27479","targetHints":{"allow":["GET"]}}],"collection":[{"href":"https:\/\/ferreticamx.com\/index.php\/wp-json\/wp\/v2\/product"}],"about":[{"href":"https:\/\/ferreticamx.com\/index.php\/wp-json\/wp\/v2\/types\/product"}],"replies":[{"embeddable":true,"href":"https:\/\/ferreticamx.com\/index.php\/wp-json\/wp\/v2\/comments?post=27479"}],"wp:featuredmedia":[{"embeddable":true,"href":"https:\/\/ferreticamx.com\/index.php\/wp-json\/wp\/v2\/media\/27478"}],"wp:attachment":[{"href":"https:\/\/ferreticamx.com\/index.php\/wp-json\/wp\/v2\/media?parent=27479"}],"wp:term":[{"taxonomy":"product_brand","embeddable":true,"href":"https:\/\/ferreticamx.com\/index.php\/wp-json\/wp\/v2\/product_brand?post=27479"},{"taxonomy":"product_cat","embeddable":true,"href":"https:\/\/ferreticamx.com\/index.php\/wp-json\/wp\/v2\/product_cat?post=27479"},{"taxonomy":"product_tag","embeddable":true,"href":"https:\/\/ferreticamx.com\/index.php\/wp-json\/wp\/v2\/product_tag?post=27479"}],"curies":[{"name":"wp","href":"https:\/\/api.w.org\/{rel}","templated":true}]}}