{"id":27549,"date":"2024-12-19T02:01:48","date_gmt":"2024-12-19T02:01:48","guid":{"rendered":"https:\/\/ferreticamx.com\/index.php\/producto\/desarmador-plano-5-16-x-6-mango-pvc-pretul-2\/"},"modified":"2024-12-19T02:01:48","modified_gmt":"2024-12-19T02:01:48","slug":"desarmador-plano-5-16-x-6-mango-pvc-pretul-2","status":"publish","type":"product","link":"https:\/\/ferreticamx.com\/index.php\/producto\/desarmador-plano-5-16-x-6-mango-pvc-pretul-2\/","title":{"rendered":"DESARMADOR PLANO, 5\/16 X 6&#8243;, MANGO PVC, PRETUL"},"content":{"rendered":"<p>CARACTER\u00cdSTICAS<br \/>\nBarra redonda fabricada en acero al carbono con acabado cromo brillante<br \/>\nPunta magn\u00e9tica<br \/>\nMango fabricado en PVC<br \/>\nDoble espiga extra profunda<br \/>\n21463-01<br \/>\n21463-02<br \/>\nMarcado y c\u00f3digo de color para f\u00e1cil identificaci\u00f3n de medida y punta<br \/>\n21463-03<br \/>\nPuntas magnetizadas<br \/>\nNORMA<br \/>\nCumple la norma: ASME-B107.600<br \/>\nESPECIFICACIONES<br \/>\nMedida de punta\t5\/16&#8243; (7.9mm)<br \/>\nLongitud de la barra\t6&#8243; (152.4mm)<br \/>\nLongitud del mango\t96 mm<br \/>\nEmpaque individual\tTarjeta pl\u00e1stica<br \/>\nInner\t6<br \/>\nMaster\t96<\/p>\n","protected":false},"excerpt":{"rendered":"<p>DESARMADOR PLANO, 5\/16 X 6&#8243;, MANGO PVC, PRETUL<\/p>\n","protected":false},"featured_media":27548,"comment_status":"open","ping_status":"closed","template":"","meta":{"_et_pb_use_builder":"","_et_pb_old_content":"","_et_gb_content_width":""},"product_brand":[],"product_cat":[612],"product_tag":[],"class_list":{"0":"post-27549","1":"product","2":"type-product","3":"status-publish","4":"has-post-thumbnail","6":"product_cat-desarmador","8":"first","9":"instock","10":"taxable","11":"shipping-taxable","12":"purchasable","13":"product-type-simple"},"_links":{"self":[{"href":"https:\/\/ferreticamx.com\/index.php\/wp-json\/wp\/v2\/product\/27549","targetHints":{"allow":["GET"]}}],"collection":[{"href":"https:\/\/ferreticamx.com\/index.php\/wp-json\/wp\/v2\/product"}],"about":[{"href":"https:\/\/ferreticamx.com\/index.php\/wp-json\/wp\/v2\/types\/product"}],"replies":[{"embeddable":true,"href":"https:\/\/ferreticamx.com\/index.php\/wp-json\/wp\/v2\/comments?post=27549"}],"wp:featuredmedia":[{"embeddable":true,"href":"https:\/\/ferreticamx.com\/index.php\/wp-json\/wp\/v2\/media\/27548"}],"wp:attachment":[{"href":"https:\/\/ferreticamx.com\/index.php\/wp-json\/wp\/v2\/media?parent=27549"}],"wp:term":[{"taxonomy":"product_brand","embeddable":true,"href":"https:\/\/ferreticamx.com\/index.php\/wp-json\/wp\/v2\/product_brand?post=27549"},{"taxonomy":"product_cat","embeddable":true,"href":"https:\/\/ferreticamx.com\/index.php\/wp-json\/wp\/v2\/product_cat?post=27549"},{"taxonomy":"product_tag","embeddable":true,"href":"https:\/\/ferreticamx.com\/index.php\/wp-json\/wp\/v2\/product_tag?post=27549"}],"curies":[{"name":"wp","href":"https:\/\/api.w.org\/{rel}","templated":true}]}}