{"id":27727,"date":"2024-12-19T02:21:24","date_gmt":"2024-12-19T02:21:24","guid":{"rendered":"https:\/\/ferreticamx.com\/index.php\/producto\/tees-sencillas-cobre-a-cobre-a-cobre-foset-2\/"},"modified":"2024-12-19T02:21:24","modified_gmt":"2024-12-19T02:21:24","slug":"tees-sencillas-cobre-a-cobre-a-cobre-foset-2","status":"publish","type":"product","link":"https:\/\/ferreticamx.com\/index.php\/producto\/tees-sencillas-cobre-a-cobre-a-cobre-foset-2\/","title":{"rendered":"Tees sencillas, cobre a cobre a cobre foset 2"},"content":{"rendered":"<p>Fabricadas de cobre, sin costuras y paredes lisas que reducen la p\u00e9rdida de presi\u00f3n por fricci\u00f3n<br \/>\nResistentes a la corrosi\u00f3n<br \/>\nLarga vida \u00fatil<br \/>\nPara la conducci\u00f3n de agua fr\u00eda y caliente, para instalaciones de gas natural y L.P.<\/p>\n","protected":false},"excerpt":{"rendered":"<p>Tees sencillas, cobre a cobre a cobre foset 2<\/p>\n","protected":false},"featured_media":27726,"comment_status":"open","ping_status":"closed","template":"","meta":{"_et_pb_use_builder":"","_et_pb_old_content":"","_et_gb_content_width":""},"product_brand":[],"product_cat":[781],"product_tag":[],"class_list":{"0":"post-27727","1":"product","2":"type-product","3":"status-publish","4":"has-post-thumbnail","6":"product_cat-cobre-plomeria","8":"first","9":"instock","10":"taxable","11":"shipping-taxable","12":"purchasable","13":"product-type-simple"},"_links":{"self":[{"href":"https:\/\/ferreticamx.com\/index.php\/wp-json\/wp\/v2\/product\/27727","targetHints":{"allow":["GET"]}}],"collection":[{"href":"https:\/\/ferreticamx.com\/index.php\/wp-json\/wp\/v2\/product"}],"about":[{"href":"https:\/\/ferreticamx.com\/index.php\/wp-json\/wp\/v2\/types\/product"}],"replies":[{"embeddable":true,"href":"https:\/\/ferreticamx.com\/index.php\/wp-json\/wp\/v2\/comments?post=27727"}],"wp:featuredmedia":[{"embeddable":true,"href":"https:\/\/ferreticamx.com\/index.php\/wp-json\/wp\/v2\/media\/27726"}],"wp:attachment":[{"href":"https:\/\/ferreticamx.com\/index.php\/wp-json\/wp\/v2\/media?parent=27727"}],"wp:term":[{"taxonomy":"product_brand","embeddable":true,"href":"https:\/\/ferreticamx.com\/index.php\/wp-json\/wp\/v2\/product_brand?post=27727"},{"taxonomy":"product_cat","embeddable":true,"href":"https:\/\/ferreticamx.com\/index.php\/wp-json\/wp\/v2\/product_cat?post=27727"},{"taxonomy":"product_tag","embeddable":true,"href":"https:\/\/ferreticamx.com\/index.php\/wp-json\/wp\/v2\/product_tag?post=27727"}],"curies":[{"name":"wp","href":"https:\/\/api.w.org\/{rel}","templated":true}]}}