{"id":27934,"date":"2024-12-19T02:43:19","date_gmt":"2024-12-19T02:43:19","guid":{"rendered":"https:\/\/ferreticamx.com\/index.php\/producto\/cincho-plastico-18-lb-200-x-2-5-mm-negro-100-pzas-2\/"},"modified":"2024-12-19T02:43:19","modified_gmt":"2024-12-19T02:43:19","slug":"cincho-plastico-18-lb-200-x-2-5-mm-negro-100-pzas-2","status":"publish","type":"product","link":"https:\/\/ferreticamx.com\/index.php\/producto\/cincho-plastico-18-lb-200-x-2-5-mm-negro-100-pzas-2\/","title":{"rendered":"Cincho pl\u00e1stico, 18 lb, 200 x 2.5 mm, negro, 100 pzas"},"content":{"rendered":"<p>Fabricados en nylon, \u00fatiles para sujetar, amarrar y ordenar cables el\u00e9ctricos u otro tipo de objetos<br \/>\nSeguro autom\u00e1tico<\/p>\n","protected":false},"excerpt":{"rendered":"<p>Cincho pl\u00e1stico, 18 lb, 200 x 2.5 mm, negro, 100 pzas<\/p>\n","protected":false},"featured_media":27933,"comment_status":"open","ping_status":"closed","template":"","meta":{"_et_pb_use_builder":"","_et_pb_old_content":"","_et_gb_content_width":""},"product_brand":[],"product_cat":[524],"product_tag":[],"class_list":{"0":"post-27934","1":"product","2":"type-product","3":"status-publish","4":"has-post-thumbnail","6":"product_cat-cinchos","8":"first","9":"instock","10":"taxable","11":"shipping-taxable","12":"purchasable","13":"product-type-simple"},"_links":{"self":[{"href":"https:\/\/ferreticamx.com\/index.php\/wp-json\/wp\/v2\/product\/27934","targetHints":{"allow":["GET"]}}],"collection":[{"href":"https:\/\/ferreticamx.com\/index.php\/wp-json\/wp\/v2\/product"}],"about":[{"href":"https:\/\/ferreticamx.com\/index.php\/wp-json\/wp\/v2\/types\/product"}],"replies":[{"embeddable":true,"href":"https:\/\/ferreticamx.com\/index.php\/wp-json\/wp\/v2\/comments?post=27934"}],"wp:featuredmedia":[{"embeddable":true,"href":"https:\/\/ferreticamx.com\/index.php\/wp-json\/wp\/v2\/media\/27933"}],"wp:attachment":[{"href":"https:\/\/ferreticamx.com\/index.php\/wp-json\/wp\/v2\/media?parent=27934"}],"wp:term":[{"taxonomy":"product_brand","embeddable":true,"href":"https:\/\/ferreticamx.com\/index.php\/wp-json\/wp\/v2\/product_brand?post=27934"},{"taxonomy":"product_cat","embeddable":true,"href":"https:\/\/ferreticamx.com\/index.php\/wp-json\/wp\/v2\/product_cat?post=27934"},{"taxonomy":"product_tag","embeddable":true,"href":"https:\/\/ferreticamx.com\/index.php\/wp-json\/wp\/v2\/product_tag?post=27934"}],"curies":[{"name":"wp","href":"https:\/\/api.w.org\/{rel}","templated":true}]}}