{"id":27962,"date":"2024-12-19T02:45:35","date_gmt":"2024-12-19T02:45:35","guid":{"rendered":"https:\/\/ferreticamx.com\/index.php\/producto\/aceite-rojo-para-muebles-240-ml-2\/"},"modified":"2024-12-19T02:45:35","modified_gmt":"2024-12-19T02:45:35","slug":"aceite-rojo-para-muebles-240-ml-2","status":"publish","type":"product","link":"https:\/\/ferreticamx.com\/index.php\/producto\/aceite-rojo-para-muebles-240-ml-2\/","title":{"rendered":"Aceite rojo para muebles 240 ml"},"content":{"rendered":"<p>Para muebles, pisos de madera y vinil<br \/>\nNutre, protege y da brillo a la madera seca o maltratada<br \/>\nElimina polvo y manchas<br \/>\nF\u00f3rmula antiest\u00e1tica que retrasa la aparici\u00f3n de polvo por m\u00e1s tiempo<\/p>\n","protected":false},"excerpt":{"rendered":"<p>Aceite rojo para muebles 240 ml<\/p>\n","protected":false},"featured_media":27961,"comment_status":"open","ping_status":"closed","template":"","meta":{"_et_pb_use_builder":"","_et_pb_old_content":"","_et_gb_content_width":""},"product_brand":[],"product_cat":[733],"product_tag":[],"class_list":{"0":"post-27962","1":"product","2":"type-product","3":"status-publish","4":"has-post-thumbnail","6":"product_cat-artuculos","8":"first","9":"instock","10":"taxable","11":"shipping-taxable","12":"purchasable","13":"product-type-simple"},"_links":{"self":[{"href":"https:\/\/ferreticamx.com\/index.php\/wp-json\/wp\/v2\/product\/27962","targetHints":{"allow":["GET"]}}],"collection":[{"href":"https:\/\/ferreticamx.com\/index.php\/wp-json\/wp\/v2\/product"}],"about":[{"href":"https:\/\/ferreticamx.com\/index.php\/wp-json\/wp\/v2\/types\/product"}],"replies":[{"embeddable":true,"href":"https:\/\/ferreticamx.com\/index.php\/wp-json\/wp\/v2\/comments?post=27962"}],"wp:featuredmedia":[{"embeddable":true,"href":"https:\/\/ferreticamx.com\/index.php\/wp-json\/wp\/v2\/media\/27961"}],"wp:attachment":[{"href":"https:\/\/ferreticamx.com\/index.php\/wp-json\/wp\/v2\/media?parent=27962"}],"wp:term":[{"taxonomy":"product_brand","embeddable":true,"href":"https:\/\/ferreticamx.com\/index.php\/wp-json\/wp\/v2\/product_brand?post=27962"},{"taxonomy":"product_cat","embeddable":true,"href":"https:\/\/ferreticamx.com\/index.php\/wp-json\/wp\/v2\/product_cat?post=27962"},{"taxonomy":"product_tag","embeddable":true,"href":"https:\/\/ferreticamx.com\/index.php\/wp-json\/wp\/v2\/product_tag?post=27962"}],"curies":[{"name":"wp","href":"https:\/\/api.w.org\/{rel}","templated":true}]}}