{"id":28144,"date":"2024-12-19T03:04:54","date_gmt":"2024-12-19T03:04:54","guid":{"rendered":"https:\/\/ferreticamx.com\/index.php\/producto\/kit-de-conexiones-y-valvulas-cpvc-para-instalacion-regadera-2\/"},"modified":"2024-12-19T03:04:54","modified_gmt":"2024-12-19T03:04:54","slug":"kit-de-conexiones-y-valvulas-cpvc-para-instalacion-regadera-2","status":"publish","type":"product","link":"https:\/\/ferreticamx.com\/index.php\/producto\/kit-de-conexiones-y-valvulas-cpvc-para-instalacion-regadera-2\/","title":{"rendered":"KIT de conexiones y v\u00e1lvulas CPVC para instalaci\u00f3n regadera"},"content":{"rendered":"<p>KIT de conexiones y v\u00e1lvulas CPVC para instalaci\u00f3n regadera<\/p>\n","protected":false},"excerpt":{"rendered":"<p>KIT de conexiones y v\u00e1lvulas CPVC para instalaci\u00f3n regadera<\/p>\n","protected":false},"featured_media":28143,"comment_status":"open","ping_status":"closed","template":"","meta":{"_et_pb_use_builder":"","_et_pb_old_content":"","_et_gb_content_width":""},"product_brand":[],"product_cat":[784],"product_tag":[],"class_list":{"0":"post-28144","1":"product","2":"type-product","3":"status-publish","4":"has-post-thumbnail","6":"product_cat-fontaneria","8":"first","9":"instock","10":"taxable","11":"shipping-taxable","12":"purchasable","13":"product-type-simple"},"_links":{"self":[{"href":"https:\/\/ferreticamx.com\/index.php\/wp-json\/wp\/v2\/product\/28144","targetHints":{"allow":["GET"]}}],"collection":[{"href":"https:\/\/ferreticamx.com\/index.php\/wp-json\/wp\/v2\/product"}],"about":[{"href":"https:\/\/ferreticamx.com\/index.php\/wp-json\/wp\/v2\/types\/product"}],"replies":[{"embeddable":true,"href":"https:\/\/ferreticamx.com\/index.php\/wp-json\/wp\/v2\/comments?post=28144"}],"wp:featuredmedia":[{"embeddable":true,"href":"https:\/\/ferreticamx.com\/index.php\/wp-json\/wp\/v2\/media\/28143"}],"wp:attachment":[{"href":"https:\/\/ferreticamx.com\/index.php\/wp-json\/wp\/v2\/media?parent=28144"}],"wp:term":[{"taxonomy":"product_brand","embeddable":true,"href":"https:\/\/ferreticamx.com\/index.php\/wp-json\/wp\/v2\/product_brand?post=28144"},{"taxonomy":"product_cat","embeddable":true,"href":"https:\/\/ferreticamx.com\/index.php\/wp-json\/wp\/v2\/product_cat?post=28144"},{"taxonomy":"product_tag","embeddable":true,"href":"https:\/\/ferreticamx.com\/index.php\/wp-json\/wp\/v2\/product_tag?post=28144"}],"curies":[{"name":"wp","href":"https:\/\/api.w.org\/{rel}","templated":true}]}}