{"id":29405,"date":"2024-12-19T05:19:19","date_gmt":"2024-12-19T05:19:19","guid":{"rendered":"https:\/\/ferreticamx.com\/index.php\/producto\/escalera-de-extension-tipo-ii-24-peldanos\/"},"modified":"2024-12-19T05:19:19","modified_gmt":"2024-12-19T05:19:19","slug":"escalera-de-extension-tipo-ii-24-peldanos","status":"publish","type":"product","link":"https:\/\/ferreticamx.com\/index.php\/producto\/escalera-de-extension-tipo-ii-24-peldanos\/","title":{"rendered":"ESCALERA DE EXTENSI\u00d3N, TIPO II, 24 PELDA\u00d1OS,"},"content":{"rendered":"<p>ESCALERA DE EXTENSI\u00d3N, TIPO II, 24 PELDA\u00d1OS,<\/p>\n","protected":false},"excerpt":{"rendered":"<p>ESCALERA DE EXTENSI\u00d3N, TIPO II, 24 PELDA\u00d1OS,<\/p>\n","protected":false},"featured_media":29404,"comment_status":"open","ping_status":"closed","template":"","meta":{"_et_pb_use_builder":"","_et_pb_old_content":"","_et_gb_content_width":""},"product_brand":[],"product_cat":[569],"product_tag":[],"class_list":{"0":"post-29405","1":"product","2":"type-product","3":"status-publish","4":"has-post-thumbnail","6":"product_cat-escaleras","8":"first","9":"instock","10":"taxable","11":"shipping-taxable","12":"purchasable","13":"product-type-simple"},"_links":{"self":[{"href":"https:\/\/ferreticamx.com\/index.php\/wp-json\/wp\/v2\/product\/29405","targetHints":{"allow":["GET"]}}],"collection":[{"href":"https:\/\/ferreticamx.com\/index.php\/wp-json\/wp\/v2\/product"}],"about":[{"href":"https:\/\/ferreticamx.com\/index.php\/wp-json\/wp\/v2\/types\/product"}],"replies":[{"embeddable":true,"href":"https:\/\/ferreticamx.com\/index.php\/wp-json\/wp\/v2\/comments?post=29405"}],"wp:featuredmedia":[{"embeddable":true,"href":"https:\/\/ferreticamx.com\/index.php\/wp-json\/wp\/v2\/media\/29404"}],"wp:attachment":[{"href":"https:\/\/ferreticamx.com\/index.php\/wp-json\/wp\/v2\/media?parent=29405"}],"wp:term":[{"taxonomy":"product_brand","embeddable":true,"href":"https:\/\/ferreticamx.com\/index.php\/wp-json\/wp\/v2\/product_brand?post=29405"},{"taxonomy":"product_cat","embeddable":true,"href":"https:\/\/ferreticamx.com\/index.php\/wp-json\/wp\/v2\/product_cat?post=29405"},{"taxonomy":"product_tag","embeddable":true,"href":"https:\/\/ferreticamx.com\/index.php\/wp-json\/wp\/v2\/product_tag?post=29405"}],"curies":[{"name":"wp","href":"https:\/\/api.w.org\/{rel}","templated":true}]}}